{"id":16,"date":"2013-08-29T16:13:02","date_gmt":"2013-08-29T16:13:02","guid":{"rendered":"http:\/\/mariacka-lodz.com.pl\/?page_id=16"},"modified":"2025-10-28T17:18:42","modified_gmt":"2025-10-28T17:18:42","slug":"historia-parafii","status":"publish","type":"page","link":"http:\/\/mariacka-lodz.com.pl\/?page_id=16","title":{"rendered":"Historia parafii i ko\u015bcio\u0142a"},"content":{"rendered":"<p><b>Data erygowania: <span style=\"color: red;\"> 1430 r. <\/span> <\/b>(abp gnie\u017anie\u0144ski Jaros\u0142aw Bogoria Skotnicki)<\/p>\n<p><b>Historia budowy ko\u015bcio\u0142a i jego architektura:<\/b><\/p>\n<p align=\"justify\">\u00a0\u00a0\u00a0\u00a0Obecny wybudowany w latach 1888-1897 z ofiar mieszka\u0144c\u00f3w \u0141odzi wg projektu warszawskiego arch. Konstantego Wojciechowskiego. Murowany, tr\u00f3jnawowy z transeptem i dwiema wie\u017cami w fasadzie. Konsekrowany 5 VI 1897 r. przez bpa warszawskiego Kazimierza Ruszkiewicza.<\/p>\n<p style=\"text-align: justify;\"><b>Wyposa\u017cenie ko\u015bcio\u0142a:<\/b><br \/>\nO\u0142tarz g\u0142\u00f3wny w p\u00f3\u0142okr\u0105g\u0142ej absydzie, w nastawie tryptyk gotycki obustronnie zdobiony &#8211; dzie\u0142o artysty rze\u017abiarza Antoniego Panasiuka. W \u015brodkowej cz\u0119\u015bci tryptyku rze\u017aba sceny Wniebowzi\u0119cia NMP w otoczeniu aposto\u0142\u00f3w i trzech niewiast wok\u00f3\u0142 pustego grobu &#8211; nad ni\u0105 rze\u017aba sceny ukoronowania NMP. Na dw\u00f3ch bocznych skrzyd\u0142ach tryptyku, podzielonego na kwatery, z jednej strony p\u0142askorze\u017aby przedstawiaj\u0105ce tajemnice radosne i chwalebne r\u00f3\u017ca\u0144ca, a na odwrotnej stronie malowid\u0142a na miedzianej blasze przedstawiaj\u0105ce tajemnice bolesne. Obok bocznego skrzyd\u0142a tryptyku w niszy figura b\u0142. Czes\u0142awa, a obok prawego &#8211; rze\u017aba \u015bw. Jana Kantego. U g\u00f3ry nad tryptykiem rze\u017aby: \u015bw. Wojciecha i \u015bw. Stanis\u0142awa Biskupa i M\u0119czennika. Na predelli o\u0142tarza w ma\u0142ych niszach rze\u017aby: \u015bw. Ambro\u017cego, \u015bw. Grzegorza, \u015bw. Hieronima i \u015bw. Augustyna.<br \/>\nPrezbiterium o\u015bwietlaj\u0105 ostro\u0142ukowe okna z witra\u017cami przedstawiaj\u0105cymi \u015bw. Wojciecha, Wniebowzi\u0119cie NMP i \u015bw. Stanis\u0142awa Biskupa. Pozosta\u0142e wype\u0142nione s\u0105 ornamentami geometrycznymi. Witra\u017ce s\u0105 z 1891 r. Nad drzwiami z prezbiterium do zakrystii znajduje si\u0119 p\u0142askorze\u017aba Chrystusa w Ogr\u00f3jcu, a nad drzwiami z prezbiterium do kaplicy &#8211; Ucieczka \u015awi\u0119tej Rodziny do Egiptu. W kaplicy obok prezbiterium o\u0142tarz z gotyck\u0105 nastaw\u0105, a w niej obraz Matki Bo\u017cej Mi\u0142osierdzia &#8211; Matki Boskiej \u0141\u00f3dzkiej. W tej\u017ce kaplicy znajduje si\u0119 chrzcielnica z bia\u0142ego marmuru. Tutaj by\u0142a chrzczona s\u0142uga Bo\u017ca Stanis\u0142awa Leszczy\u0144ska.<br \/>\nW transepcie w p\u00f3\u0142kolistej absydzie obraz z barwn\u0105 rze\u017ab\u0105 \u015bw. Anny ucz\u0105c\u0105 czyta\u0107 Maryj\u0119. Po drugiej stronie transeptu znajduje si\u0119 kaplica z barwn\u0105 rze\u017ab\u0105 \u015awi\u0119tej Rodziny.<br \/>\nW ko\u015bciele na \u015bcianach stacje Drogi Krzy\u017cowej &#8211; p\u0142askorze\u017aby w drewnie lipowym wykonane w Tyrolu (dar rodziny Brajer\u00f3w z Radogoszcza). Ch\u00f3r muzyczny wsparty na dw\u00f3ch filarach, a na nim 37-g\u0142osowe organy w gotyckiej oprawie sprowadzone z Wiednia w 1892 r. Posadzka w ko\u015bciele terakotowa firmy Meroy &amp; Boch Mottlach, u\u0142o\u017cona 1891-1892, ufundowana przez fabrykanta Izraela Pozna\u0144skiego.<\/p>\n<p style=\"text-align: justify;\">Prace remontowo-konserwatorskie naszego ko\u015bcio\u0142a parafialnego w zakresie elewacji prezbiterium i transeptu zosta\u0142y podj\u0119te w Roku Pa\u0144skim 2011 z inicjatywy ks. pra\u0142ata J\u00f3zefa Mas\u0142owskiego, dzi\u0119ki dotacji z bud\u017cetu Miasta \u0141odzi, pod nadzorem Wojew\u00f3dzkiego i Miejskiego Konserwatora Zabytk\u00f3w.<\/p>\n<p>&nbsp;<\/p>\n<p><b>Dzwony:<\/b><\/p>\n<h5><em>\/informacja za &#8222;<a class=\"yt-simple-endpoint style-scope yt-formatted-string\" spellcheck=\"false\" href=\"https:\/\/www.youtube.com\/@TheBellsofPoland\">The Bells of Poland<\/a>&#8222;\/<\/em><\/h5>\n<p>film na YouTube: <a href=\"https:\/\/www.youtube.com\/watch?v=e-pc3fJsxog\">\u0141\u00f3d\u017a Ba\u0142uty &#8211; Dzwony ko\u015bcio\u0142a pw. Wniebowzi\u0119cia NMP<\/a><\/p>\n<p>&nbsp;<\/p>\n<p>W budynku ko\u015bcio\u0142a znajduje si\u0119 7 dzwon\u00f3w.<\/p>\n<p><span style=\"text-decoration: underline;\">Na wie\u017cy lewej znajduj\u0105 si\u0119 3 dzwony:<\/span><\/p>\n<p>Imi\u0119: <strong>\u015bw. J\u00f3zef<\/strong><br \/>\nMateria\u0142: br\u0105z<br \/>\nTon: g&#8221;<br \/>\n\u015arednica: 56 cm<br \/>\nWysoko\u015b\u0107 (z koron\u0105): 53 cm<br \/>\nWysoko\u015b\u0107 korony: 10 cm<br \/>\nWaga: ~ 120 kg<br \/>\nRok odlania: lata 20 \/ 30 XX w.<br \/>\nOdlewnia: bli\u017cej nieokre\u015blony przedstawiciel rodu Felczy\u0144skich; odlany na terenie dzisiejszej Ukrainy; istnieje przypuszczenie, \u017ce dzwon m\u00f3g\u0142 zosta\u0107 wykonany przez Jana Felczy\u0144skiego w Stanis\u0142awowie<\/p>\n<p>Imi\u0119: <strong>\u015bw. Micha\u0142 Archanio\u0142<\/strong><br \/>\nMateria\u0142: br\u0105z<br \/>\nTon: b&#8217;<br \/>\n\u015arednica: 91 cm<br \/>\nWysoko\u015b\u0107 (z koron\u0105): 90 cm<br \/>\nWysoko\u015b\u0107 korony: ~ 16 cm<br \/>\nWaga: ~ 500 kg<br \/>\nRok odlania: 1966<br \/>\nOdlewnia: Jan Felczy\u0144ski, Przemy\u015bl<\/p>\n<p>Imi\u0119: <strong>Maryja Wniebowzi\u0119ta<\/strong><br \/>\nMateria\u0142: br\u0105z<br \/>\nTon: g&#8217;<br \/>\n\u015arednica: 110 cm<br \/>\nWysoko\u015b\u0107 (z koron\u0105): 108 cm<br \/>\nWysoko\u015b\u0107 korony: 20 cm<br \/>\nWaga: ~ 850 kg<br \/>\nRok odlania: 1966<br \/>\nOdlewnia: Jan Felczy\u0144ski, Przemy\u015bl<\/p>\n<p>&nbsp;<\/p>\n<p><span style=\"text-decoration: underline;\">Na wie\u017cy prawej znajduj\u0105 si\u0119 3 dzwony:<\/span><\/p>\n<p>Imi\u0119: <strong>\u015bw. Zygmunt<\/strong><br \/>\nMateria\u0142: br\u0105z<br \/>\nTon: es&#8221;<br \/>\n\u015arednica: 70 cm<br \/>\nWysoko\u015b\u0107 (z koron\u0105): 69 cm<br \/>\nWysoko\u015b\u0107 korony: 12 cm<br \/>\nWaga: ~ 200 kg<br \/>\nRok odlania: 1966<br \/>\nOdlewnia: Jan Felczy\u0144ski, Przemy\u015bl<\/p>\n<p>Imi\u0119: <strong>\u015bw. Anna<\/strong><br \/>\nMateria\u0142: br\u0105z<br \/>\nTon: d&#8221;<br \/>\n\u015arednica: 72 cm<br \/>\nWysoko\u015b\u0107 (z koron\u0105): 72 cm<br \/>\nWysoko\u015b\u0107 korony: 13 cm<br \/>\nWaga: ~ 250 kg<br \/>\nRok odlania: przelany w 1908 r. ze starszego dzwonu<br \/>\nOdlewnia: brak danych o wykonawcy pierwszego dzwonu; przela\u0142 Antoni W\u0142odkowski w W\u0119growie<\/p>\n<p>Imi\u0119: <strong>\u015bw. Stanis\u0142aw Kostka<\/strong><br \/>\nMateria\u0142: br\u0105z<br \/>\nTon: c&#8221; (-)<br \/>\n\u015arednica: 85 cm<br \/>\nWysoko\u015b\u0107 (z koron\u0105): 83 cm<br \/>\nWysoko\u015b\u0107 korony: 14 cm<br \/>\nWaga: ~ 350 kg<br \/>\nRok odlania: 1966<br \/>\nOdlewnia: Jan Felczy\u0144ski, Przemy\u015bl<\/p>\n<p>&nbsp;<\/p>\n<p><span style=\"text-decoration: underline;\">Najstarszy i najmniejszy dzwon znajduje si\u0119 w sygnaturce nad transeptem<\/span><\/p>\n<p>Dzwon nr 7<br \/>\nImi\u0119: brak danych<br \/>\nMateria\u0142: br\u0105z<br \/>\nTon: f&#8221;&#8217;<br \/>\n\u015arednica: ~ 25 cm<br \/>\nWysoko\u015b\u0107 (z koron\u0105): ~ 22 cm<br \/>\nWysoko\u015b\u0107 korony: brak dost\u0119pu do korony<br \/>\nWaga: ~ 15 kg<br \/>\nRok Odlania: 1854<br \/>\nOdlewnia: Miko\u0142aj Petersilge, Warszawa<\/p>\n","protected":false},"excerpt":{"rendered":"<p>Data erygowania: 1430 r. (abp gnie\u017anie\u0144ski Jaros\u0142aw Bogoria Skotnicki) Historia budowy ko\u015bcio\u0142a i jego architektura: \u00a0\u00a0\u00a0\u00a0Obecny wybudowany w latach 1888-1897 z ofiar mieszka\u0144c\u00f3w \u0141odzi wg projektu warszawskiego arch. Konstantego Wojciechowskiego. Murowany, tr\u00f3jnawowy z transeptem i dwiema wie\u017cami w fasadzie. Konsekrowany &hellip; <a href=\"http:\/\/mariacka-lodz.com.pl\/?page_id=16\">Czytaj dalej <span class=\"meta-nav\">&rarr;<\/span><\/a><\/p>\n","protected":false},"author":1,"featured_media":0,"parent":0,"menu_order":0,"comment_status":"closed","ping_status":"closed","template":"","meta":{"footnotes":""},"class_list":["post-16","page","type-page","status-publish","hentry"],"_links":{"self":[{"href":"http:\/\/mariacka-lodz.com.pl\/index.php?rest_route=\/wp\/v2\/pages\/16","targetHints":{"allow":["GET"]}}],"collection":[{"href":"http:\/\/mariacka-lodz.com.pl\/index.php?rest_route=\/wp\/v2\/pages"}],"about":[{"href":"http:\/\/mariacka-lodz.com.pl\/index.php?rest_route=\/wp\/v2\/types\/page"}],"author":[{"embeddable":true,"href":"http:\/\/mariacka-lodz.com.pl\/index.php?rest_route=\/wp\/v2\/users\/1"}],"replies":[{"embeddable":true,"href":"http:\/\/mariacka-lodz.com.pl\/index.php?rest_route=%2Fwp%2Fv2%2Fcomments&post=16"}],"version-history":[{"count":8,"href":"http:\/\/mariacka-lodz.com.pl\/index.php?rest_route=\/wp\/v2\/pages\/16\/revisions"}],"predecessor-version":[{"id":3773,"href":"http:\/\/mariacka-lodz.com.pl\/index.php?rest_route=\/wp\/v2\/pages\/16\/revisions\/3773"}],"wp:attachment":[{"href":"http:\/\/mariacka-lodz.com.pl\/index.php?rest_route=%2Fwp%2Fv2%2Fmedia&parent=16"}],"curies":[{"name":"wp","href":"https:\/\/api.w.org\/{rel}","templated":true}]}}